{"id":17,"date":"2023-03-21T16:28:14","date_gmt":"2023-03-21T15:28:14","guid":{"rendered":"http:\/\/reflexologue-aveyron.com\/?page_id=17"},"modified":"2025-02-10T14:18:00","modified_gmt":"2025-02-10T13:18:00","slug":"prendre-rendez-vous","status":"publish","type":"page","link":"https:\/\/reflexologue-aveyron.com\/index.php\/prendre-rendez-vous\/","title":{"rendered":"Prendre un rendez-vous"},"content":{"rendered":"\n<p>Vous pouvez <strong>prendre rendez-vous<\/strong> directement sur <strong><mark style=\"background-color:rgba(0, 0, 0, 0)\" class=\"has-inline-color has-neve-text-color-color\"><span style=\"text-decoration: underline;\"><a href=\"https:\/\/www.resalib.fr\/praticien\/78488-veronique-bilcot-reflexologue-albi#newrdvmodal\">Resalib<\/a>.<\/span><\/mark><\/strong><\/p>\n\n\n\n<p>J\u2019ai le plaisir de vous recevoir dans mon cabinet <\/p>\n\n\n\n<ul class=\"wp-block-list\">\n<li><strong>\u00e0 Rodez <\/strong>Centre-Ville le <strong>samedi <\/strong>au 7 rue Victoire Massol (en face de l&rsquo;h\u00f4tel Le Biney et \u00e0 100 m\u00e8tres du parking Foch)<\/li>\n\n\n\n<li>\u00e0 <strong>Olemps<\/strong> le <strong>lundi<\/strong> \u00e0 l&rsquo;Institut <strong>Escapade Douceur, <\/strong>impasse des cordeliers<\/li>\n\n\n\n<li>\u00e0 <strong>Saint Cyprien sur Dourdou<\/strong> le <strong>mercredi <\/strong>au 16 rue de l&rsquo;\u00e9glise au sein du cabinet des infirmi\u00e8res et des ost\u00e9opathes.<\/li>\n\n\n\n<li>\u00e0 <strong>Conques <\/strong>dans le cabinet situ\u00e9 pr\u00e8s de l&rsquo;Office du tourisme sur rendez-vous (<strong>d&rsquo;avril \u00e0 octobre<\/strong>)<\/li>\n\n\n\n<li>\u00e0 votre <strong>domicile<\/strong> ou lieu d&rsquo;h\u00e9bergement (pour les p\u00e8lerins) sur rendez-vous dans un rayon de 25 km autour de Rodez.<\/li>\n\n\n\n<li>en <strong>entreprise <\/strong><\/li>\n<\/ul>\n\n\n\n<p>Pour plus d&rsquo;information ou pour prendre rendez-vous, vous pouvez \u00e9galement remplir le <strong>formulaire<\/strong> ci-dessous. Vous pouvez me contacter au <strong>06 66 30 98 54<\/strong>.  Pour en savoir plus, n&rsquo;h\u00e9sitez pas \u00e0 lire les <a href=\"https:\/\/reflexologue-aveyron.com\/index.php\/blog\/\">articles<\/a> <\/p>\n\n\n\n<p><\/p>\n\n\n\n<div class=\"wp-block-columns is-layout-flex wp-container-core-columns-is-layout-9d6595d7 wp-block-columns-is-layout-flex\">\n<div class=\"wp-block-column is-layout-flow wp-block-column-is-layout-flow\" style=\"flex-basis:100%\">\n<div class=\"wp-block-contact-form-7-contact-form-selector\">\n<div class=\"wpcf7 no-js\" id=\"wpcf7-f95-o1\" lang=\"fr-FR\" dir=\"ltr\" data-wpcf7-id=\"95\">\n<div class=\"screen-reader-response\"><p role=\"status\" aria-live=\"polite\" aria-atomic=\"true\"><\/p> <ul><\/ul><\/div>\n<form action=\"\/index.php\/wp-json\/wp\/v2\/pages\/17#wpcf7-f95-o1\" method=\"post\" class=\"wpcf7-form init\" aria-label=\"Formulaire de contact\" novalidate=\"novalidate\" data-status=\"init\">\n<fieldset class=\"hidden-fields-container\"><input type=\"hidden\" name=\"_wpcf7\" value=\"95\" \/><input type=\"hidden\" name=\"_wpcf7_version\" value=\"6.1.5\" \/><input type=\"hidden\" name=\"_wpcf7_locale\" value=\"fr_FR\" \/><input type=\"hidden\" name=\"_wpcf7_unit_tag\" value=\"wpcf7-f95-o1\" \/><input type=\"hidden\" name=\"_wpcf7_container_post\" value=\"0\" \/><input type=\"hidden\" name=\"_wpcf7_posted_data_hash\" value=\"\" \/>\n<\/fieldset>\n<p><label> Votre nom<br \/>\n<span class=\"wpcf7-form-control-wrap\" data-name=\"your-name\"><input size=\"40\" maxlength=\"400\" class=\"wpcf7-form-control wpcf7-text wpcf7-validates-as-required\" autocomplete=\"name\" aria-required=\"true\" aria-invalid=\"false\" value=\"\" type=\"text\" name=\"your-name\" \/><\/span> <\/label>\n<\/p>\n<p><label> Votre e-mail<br \/>\n<span class=\"wpcf7-form-control-wrap\" data-name=\"your-email\"><input size=\"40\" maxlength=\"400\" class=\"wpcf7-form-control wpcf7-email wpcf7-validates-as-required wpcf7-text wpcf7-validates-as-email\" autocomplete=\"email\" aria-required=\"true\" aria-invalid=\"false\" value=\"\" type=\"email\" name=\"your-email\" \/><\/span> <\/label>\n<\/p>\n<p><span class=\"wpcf7-form-control-wrap\" data-name=\"LieuduRDV\"><select class=\"wpcf7-form-control wpcf7-select\" aria-invalid=\"false\" name=\"LieuduRDV\"><option value=\"Rodez\">Rodez<\/option><option value=\"Albi\">Albi<\/option><option value=\"A domicile\">A domicile<\/option><\/select><\/span>\n<\/p>\n<p><label> Objet<br \/>\n<span class=\"wpcf7-form-control-wrap\" data-name=\"your-subject\"><input size=\"40\" maxlength=\"400\" class=\"wpcf7-form-control wpcf7-text wpcf7-validates-as-required\" aria-required=\"true\" aria-invalid=\"false\" value=\"\" type=\"text\" name=\"your-subject\" \/><\/span> <\/label>\n<\/p>\n<p><label> Votre message (facultatif)<br \/>\n<span class=\"wpcf7-form-control-wrap\" data-name=\"your-message\"><textarea cols=\"40\" rows=\"10\" maxlength=\"2000\" class=\"wpcf7-form-control wpcf7-textarea\" aria-invalid=\"false\" name=\"your-message\"><\/textarea><\/span> <\/label>\n<\/p>\n<p><input class=\"wpcf7-form-control wpcf7-submit has-spinner\" type=\"submit\" value=\"Envoyer\" \/>\n<\/p><div class=\"wpcf7-response-output\" aria-hidden=\"true\"><\/div>\n<\/form>\n<\/div>\n<\/div>\n<\/div>\n<\/div>\n\n\n<div class=\"wp-block-image is-style-rounded\">\n<figure class=\"aligncenter size-full is-resized\"><img loading=\"lazy\" decoding=\"async\" width=\"794\" height=\"633\" src=\"https:\/\/reflexologue-aveyron.com\/wp-content\/uploads\/2023\/03\/2ADAFFB7-276F-4D41-8BF3-643345ED8CA1_1_201_a.jpeg\" alt=\"\" class=\"wp-image-93\" style=\"width:397px;height:317px\" srcset=\"https:\/\/reflexologue-aveyron.com\/wp-content\/uploads\/2023\/03\/2ADAFFB7-276F-4D41-8BF3-643345ED8CA1_1_201_a.jpeg 794w, https:\/\/reflexologue-aveyron.com\/wp-content\/uploads\/2023\/03\/2ADAFFB7-276F-4D41-8BF3-643345ED8CA1_1_201_a-300x239.jpeg 300w, https:\/\/reflexologue-aveyron.com\/wp-content\/uploads\/2023\/03\/2ADAFFB7-276F-4D41-8BF3-643345ED8CA1_1_201_a-768x612.jpeg 768w\" sizes=\"auto, (max-width: 794px) 100vw, 794px\" \/><\/figure>\n<\/div>","protected":false},"excerpt":{"rendered":"<p>Vous pouvez prendre rendez-vous directement sur Resalib. J\u2019ai le plaisir de vous recevoir dans mon cabinet Pour plus d&rsquo;information ou pour prendre rendez-vous, vous pouvez \u00e9galement remplir le formulaire ci-dessous. Vous pouvez me contacter au 06 66 30 98 54. Pour en savoir plus, n&rsquo;h\u00e9sitez pas \u00e0 lire les articles<\/p>\n","protected":false},"author":1,"featured_media":522,"parent":0,"menu_order":0,"comment_status":"closed","ping_status":"closed","template":"","meta":{"neve_meta_sidebar":"","neve_meta_container":"","neve_meta_enable_content_width":"","neve_meta_content_width":0,"neve_meta_title_alignment":"","neve_meta_author_avatar":"","neve_post_elements_order":"","neve_meta_disable_header":"","neve_meta_disable_footer":"","neve_meta_disable_title":"","footnotes":""},"class_list":["post-17","page","type-page","status-publish","has-post-thumbnail","hentry"],"yoast_head":"<!-- This site is optimized with the Yoast SEO plugin v27.4 - https:\/\/yoast.com\/product\/yoast-seo-wordpress\/ -->\n<title>Prendre un rendez-vous - V\u00e9ronique Bilcot R\u00e9flexologue Aveyron<\/title>\n<meta name=\"description\" content=\"Vous souhaitez prendre un rendez-vous pour une s\u00e9ance de r\u00e9flexologie. Je re\u00e7ois dans diff\u00e9rents lieux en Aveyron ou j&#039;interviens \u00e0 domicile\" \/>\n<meta name=\"robots\" content=\"index, follow, max-snippet:-1, max-image-preview:large, max-video-preview:-1\" \/>\n<link rel=\"canonical\" href=\"https:\/\/reflexologue-aveyron.com\/index.php\/prendre-rendez-vous\/\" \/>\n<meta property=\"og:locale\" content=\"fr_FR\" \/>\n<meta property=\"og:type\" content=\"article\" \/>\n<meta property=\"og:title\" content=\"Prendre un rendez-vous - V\u00e9ronique Bilcot R\u00e9flexologue Aveyron\" \/>\n<meta property=\"og:description\" content=\"Vous souhaitez prendre un rendez-vous pour une s\u00e9ance de r\u00e9flexologie. Je re\u00e7ois dans diff\u00e9rents lieux en Aveyron ou j&#039;interviens \u00e0 domicile\" \/>\n<meta property=\"og:url\" content=\"https:\/\/reflexologue-aveyron.com\/index.php\/prendre-rendez-vous\/\" \/>\n<meta property=\"og:site_name\" content=\"V\u00e9ronique Bilcot R\u00e9flexologue Aveyron\" \/>\n<meta property=\"article:modified_time\" content=\"2025-02-10T13:18:00+00:00\" \/>\n<meta property=\"og:image\" content=\"https:\/\/reflexologue-aveyron.com\/wp-content\/uploads\/2025\/01\/Prendre-rendez-vous-reflexologie.jpg\" \/>\n\t<meta property=\"og:image:width\" content=\"1280\" \/>\n\t<meta property=\"og:image:height\" content=\"850\" \/>\n\t<meta property=\"og:image:type\" content=\"image\/jpeg\" \/>\n<meta name=\"twitter:card\" content=\"summary_large_image\" \/>\n<meta name=\"twitter:label1\" content=\"Dur\u00e9e de lecture estim\u00e9e\" \/>\n\t<meta name=\"twitter:data1\" content=\"2 minutes\" \/>\n<script type=\"application\/ld+json\" class=\"yoast-schema-graph\">{\"@context\":\"https:\\\/\\\/schema.org\",\"@graph\":[{\"@type\":\"WebPage\",\"@id\":\"https:\\\/\\\/reflexologue-aveyron.com\\\/index.php\\\/prendre-rendez-vous\\\/\",\"url\":\"https:\\\/\\\/reflexologue-aveyron.com\\\/index.php\\\/prendre-rendez-vous\\\/\",\"name\":\"Prendre un rendez-vous - V\u00e9ronique Bilcot R\u00e9flexologue Aveyron\",\"isPartOf\":{\"@id\":\"https:\\\/\\\/reflexologue-aveyron.com\\\/#website\"},\"primaryImageOfPage\":{\"@id\":\"https:\\\/\\\/reflexologue-aveyron.com\\\/index.php\\\/prendre-rendez-vous\\\/#primaryimage\"},\"image\":{\"@id\":\"https:\\\/\\\/reflexologue-aveyron.com\\\/index.php\\\/prendre-rendez-vous\\\/#primaryimage\"},\"thumbnailUrl\":\"https:\\\/\\\/reflexologue-aveyron.com\\\/wp-content\\\/uploads\\\/2025\\\/01\\\/Prendre-rendez-vous-reflexologie.jpg\",\"datePublished\":\"2023-03-21T15:28:14+00:00\",\"dateModified\":\"2025-02-10T13:18:00+00:00\",\"description\":\"Vous souhaitez prendre un rendez-vous pour une s\u00e9ance de r\u00e9flexologie. Je re\u00e7ois dans diff\u00e9rents lieux en Aveyron ou j'interviens \u00e0 domicile\",\"breadcrumb\":{\"@id\":\"https:\\\/\\\/reflexologue-aveyron.com\\\/index.php\\\/prendre-rendez-vous\\\/#breadcrumb\"},\"inLanguage\":\"fr-FR\",\"potentialAction\":[{\"@type\":\"ReadAction\",\"target\":[\"https:\\\/\\\/reflexologue-aveyron.com\\\/index.php\\\/prendre-rendez-vous\\\/\"]}]},{\"@type\":\"ImageObject\",\"inLanguage\":\"fr-FR\",\"@id\":\"https:\\\/\\\/reflexologue-aveyron.com\\\/index.php\\\/prendre-rendez-vous\\\/#primaryimage\",\"url\":\"https:\\\/\\\/reflexologue-aveyron.com\\\/wp-content\\\/uploads\\\/2025\\\/01\\\/Prendre-rendez-vous-reflexologie.jpg\",\"contentUrl\":\"https:\\\/\\\/reflexologue-aveyron.com\\\/wp-content\\\/uploads\\\/2025\\\/01\\\/Prendre-rendez-vous-reflexologie.jpg\",\"width\":1280,\"height\":850,\"caption\":\"Prendre rendez-vous V\u00e9ronique Bilcot\"},{\"@type\":\"BreadcrumbList\",\"@id\":\"https:\\\/\\\/reflexologue-aveyron.com\\\/index.php\\\/prendre-rendez-vous\\\/#breadcrumb\",\"itemListElement\":[{\"@type\":\"ListItem\",\"position\":1,\"name\":\"Accueil\",\"item\":\"https:\\\/\\\/reflexologue-aveyron.com\\\/\"},{\"@type\":\"ListItem\",\"position\":2,\"name\":\"Prendre un rendez-vous\"}]},{\"@type\":\"WebSite\",\"@id\":\"https:\\\/\\\/reflexologue-aveyron.com\\\/#website\",\"url\":\"https:\\\/\\\/reflexologue-aveyron.com\\\/\",\"name\":\"V\u00e9ronique Bilcot R\u00e9flexologue Aveyron\",\"description\":\"R\u00e9flexologue en Aveyron\",\"publisher\":{\"@id\":\"https:\\\/\\\/reflexologue-aveyron.com\\\/#\\\/schema\\\/person\\\/00a1d404eab082f74ae6cf97055bffb3\"},\"potentialAction\":[{\"@type\":\"SearchAction\",\"target\":{\"@type\":\"EntryPoint\",\"urlTemplate\":\"https:\\\/\\\/reflexologue-aveyron.com\\\/?s={search_term_string}\"},\"query-input\":{\"@type\":\"PropertyValueSpecification\",\"valueRequired\":true,\"valueName\":\"search_term_string\"}}],\"inLanguage\":\"fr-FR\"},{\"@type\":[\"Person\",\"Organization\"],\"@id\":\"https:\\\/\\\/reflexologue-aveyron.com\\\/#\\\/schema\\\/person\\\/00a1d404eab082f74ae6cf97055bffb3\",\"name\":\"admin2423\",\"image\":{\"@type\":\"ImageObject\",\"inLanguage\":\"fr-FR\",\"@id\":\"https:\\\/\\\/secure.gravatar.com\\\/avatar\\\/75b2250abaa6d3eba857b3b715633dd61e9cebaab17dbc3f6611d35fcec239ca?s=96&d=mm&r=g\",\"url\":\"https:\\\/\\\/secure.gravatar.com\\\/avatar\\\/75b2250abaa6d3eba857b3b715633dd61e9cebaab17dbc3f6611d35fcec239ca?s=96&d=mm&r=g\",\"contentUrl\":\"https:\\\/\\\/secure.gravatar.com\\\/avatar\\\/75b2250abaa6d3eba857b3b715633dd61e9cebaab17dbc3f6611d35fcec239ca?s=96&d=mm&r=g\",\"caption\":\"admin2423\"},\"logo\":{\"@id\":\"https:\\\/\\\/secure.gravatar.com\\\/avatar\\\/75b2250abaa6d3eba857b3b715633dd61e9cebaab17dbc3f6611d35fcec239ca?s=96&d=mm&r=g\"},\"sameAs\":[\"http:\\\/\\\/reflexologue-aveyron.com\"]}]}<\/script>\n<!-- \/ Yoast SEO plugin. -->","yoast_head_json":{"title":"Prendre un rendez-vous - V\u00e9ronique Bilcot R\u00e9flexologue Aveyron","description":"Vous souhaitez prendre un rendez-vous pour une s\u00e9ance de r\u00e9flexologie. Je re\u00e7ois dans diff\u00e9rents lieux en Aveyron ou j'interviens \u00e0 domicile","robots":{"index":"index","follow":"follow","max-snippet":"max-snippet:-1","max-image-preview":"max-image-preview:large","max-video-preview":"max-video-preview:-1"},"canonical":"https:\/\/reflexologue-aveyron.com\/index.php\/prendre-rendez-vous\/","og_locale":"fr_FR","og_type":"article","og_title":"Prendre un rendez-vous - V\u00e9ronique Bilcot R\u00e9flexologue Aveyron","og_description":"Vous souhaitez prendre un rendez-vous pour une s\u00e9ance de r\u00e9flexologie. Je re\u00e7ois dans diff\u00e9rents lieux en Aveyron ou j'interviens \u00e0 domicile","og_url":"https:\/\/reflexologue-aveyron.com\/index.php\/prendre-rendez-vous\/","og_site_name":"V\u00e9ronique Bilcot R\u00e9flexologue Aveyron","article_modified_time":"2025-02-10T13:18:00+00:00","og_image":[{"width":1280,"height":850,"url":"https:\/\/reflexologue-aveyron.com\/wp-content\/uploads\/2025\/01\/Prendre-rendez-vous-reflexologie.jpg","type":"image\/jpeg"}],"twitter_card":"summary_large_image","twitter_misc":{"Dur\u00e9e de lecture estim\u00e9e":"2 minutes"},"schema":{"@context":"https:\/\/schema.org","@graph":[{"@type":"WebPage","@id":"https:\/\/reflexologue-aveyron.com\/index.php\/prendre-rendez-vous\/","url":"https:\/\/reflexologue-aveyron.com\/index.php\/prendre-rendez-vous\/","name":"Prendre un rendez-vous - V\u00e9ronique Bilcot R\u00e9flexologue Aveyron","isPartOf":{"@id":"https:\/\/reflexologue-aveyron.com\/#website"},"primaryImageOfPage":{"@id":"https:\/\/reflexologue-aveyron.com\/index.php\/prendre-rendez-vous\/#primaryimage"},"image":{"@id":"https:\/\/reflexologue-aveyron.com\/index.php\/prendre-rendez-vous\/#primaryimage"},"thumbnailUrl":"https:\/\/reflexologue-aveyron.com\/wp-content\/uploads\/2025\/01\/Prendre-rendez-vous-reflexologie.jpg","datePublished":"2023-03-21T15:28:14+00:00","dateModified":"2025-02-10T13:18:00+00:00","description":"Vous souhaitez prendre un rendez-vous pour une s\u00e9ance de r\u00e9flexologie. Je re\u00e7ois dans diff\u00e9rents lieux en Aveyron ou j'interviens \u00e0 domicile","breadcrumb":{"@id":"https:\/\/reflexologue-aveyron.com\/index.php\/prendre-rendez-vous\/#breadcrumb"},"inLanguage":"fr-FR","potentialAction":[{"@type":"ReadAction","target":["https:\/\/reflexologue-aveyron.com\/index.php\/prendre-rendez-vous\/"]}]},{"@type":"ImageObject","inLanguage":"fr-FR","@id":"https:\/\/reflexologue-aveyron.com\/index.php\/prendre-rendez-vous\/#primaryimage","url":"https:\/\/reflexologue-aveyron.com\/wp-content\/uploads\/2025\/01\/Prendre-rendez-vous-reflexologie.jpg","contentUrl":"https:\/\/reflexologue-aveyron.com\/wp-content\/uploads\/2025\/01\/Prendre-rendez-vous-reflexologie.jpg","width":1280,"height":850,"caption":"Prendre rendez-vous V\u00e9ronique Bilcot"},{"@type":"BreadcrumbList","@id":"https:\/\/reflexologue-aveyron.com\/index.php\/prendre-rendez-vous\/#breadcrumb","itemListElement":[{"@type":"ListItem","position":1,"name":"Accueil","item":"https:\/\/reflexologue-aveyron.com\/"},{"@type":"ListItem","position":2,"name":"Prendre un rendez-vous"}]},{"@type":"WebSite","@id":"https:\/\/reflexologue-aveyron.com\/#website","url":"https:\/\/reflexologue-aveyron.com\/","name":"V\u00e9ronique Bilcot R\u00e9flexologue Aveyron","description":"R\u00e9flexologue en Aveyron","publisher":{"@id":"https:\/\/reflexologue-aveyron.com\/#\/schema\/person\/00a1d404eab082f74ae6cf97055bffb3"},"potentialAction":[{"@type":"SearchAction","target":{"@type":"EntryPoint","urlTemplate":"https:\/\/reflexologue-aveyron.com\/?s={search_term_string}"},"query-input":{"@type":"PropertyValueSpecification","valueRequired":true,"valueName":"search_term_string"}}],"inLanguage":"fr-FR"},{"@type":["Person","Organization"],"@id":"https:\/\/reflexologue-aveyron.com\/#\/schema\/person\/00a1d404eab082f74ae6cf97055bffb3","name":"admin2423","image":{"@type":"ImageObject","inLanguage":"fr-FR","@id":"https:\/\/secure.gravatar.com\/avatar\/75b2250abaa6d3eba857b3b715633dd61e9cebaab17dbc3f6611d35fcec239ca?s=96&d=mm&r=g","url":"https:\/\/secure.gravatar.com\/avatar\/75b2250abaa6d3eba857b3b715633dd61e9cebaab17dbc3f6611d35fcec239ca?s=96&d=mm&r=g","contentUrl":"https:\/\/secure.gravatar.com\/avatar\/75b2250abaa6d3eba857b3b715633dd61e9cebaab17dbc3f6611d35fcec239ca?s=96&d=mm&r=g","caption":"admin2423"},"logo":{"@id":"https:\/\/secure.gravatar.com\/avatar\/75b2250abaa6d3eba857b3b715633dd61e9cebaab17dbc3f6611d35fcec239ca?s=96&d=mm&r=g"},"sameAs":["http:\/\/reflexologue-aveyron.com"]}]}},"jetpack_sharing_enabled":true,"_links":{"self":[{"href":"https:\/\/reflexologue-aveyron.com\/index.php\/wp-json\/wp\/v2\/pages\/17","targetHints":{"allow":["GET"]}}],"collection":[{"href":"https:\/\/reflexologue-aveyron.com\/index.php\/wp-json\/wp\/v2\/pages"}],"about":[{"href":"https:\/\/reflexologue-aveyron.com\/index.php\/wp-json\/wp\/v2\/types\/page"}],"author":[{"embeddable":true,"href":"https:\/\/reflexologue-aveyron.com\/index.php\/wp-json\/wp\/v2\/users\/1"}],"replies":[{"embeddable":true,"href":"https:\/\/reflexologue-aveyron.com\/index.php\/wp-json\/wp\/v2\/comments?post=17"}],"version-history":[{"count":18,"href":"https:\/\/reflexologue-aveyron.com\/index.php\/wp-json\/wp\/v2\/pages\/17\/revisions"}],"predecessor-version":[{"id":538,"href":"https:\/\/reflexologue-aveyron.com\/index.php\/wp-json\/wp\/v2\/pages\/17\/revisions\/538"}],"wp:featuredmedia":[{"embeddable":true,"href":"https:\/\/reflexologue-aveyron.com\/index.php\/wp-json\/wp\/v2\/media\/522"}],"wp:attachment":[{"href":"https:\/\/reflexologue-aveyron.com\/index.php\/wp-json\/wp\/v2\/media?parent=17"}],"curies":[{"name":"wp","href":"https:\/\/api.w.org\/{rel}","templated":true}]}}