{"id":19,"date":"2023-03-21T16:28:39","date_gmt":"2023-03-21T15:28:39","guid":{"rendered":"http:\/\/reflexologue-aveyron.com\/?page_id=19"},"modified":"2024-10-27T18:44:17","modified_gmt":"2024-10-27T17:44:17","slug":"blog","status":"publish","type":"page","link":"https:\/\/reflexologue-aveyron.com\/index.php\/blog\/","title":{"rendered":"Blog"},"content":{"rendered":"\n\n\n<figure class=\"wp-block-embed is-type-wp-embed is-provider-v-ronique-bilcot-r-flexologue-aveyron wp-block-embed-v-ronique-bilcot-r-flexologue-aveyron\"><div class=\"wp-block-embed__wrapper\">\n<blockquote class=\"wp-embedded-content\" data-secret=\"UelKxrCbyM\"><a href=\"https:\/\/reflexologue-aveyron.com\/index.php\/2024\/06\/13\/larthrose-et-la-reflexologie\/\">L&rsquo;arthrose et la r\u00e9flexologie<\/a><\/blockquote><iframe loading=\"lazy\" class=\"wp-embedded-content\" sandbox=\"allow-scripts\" security=\"restricted\" style=\"position: absolute; visibility: hidden;\" title=\"\u00ab\u00a0L&rsquo;arthrose et la r\u00e9flexologie\u00a0\u00bb &#8212; V\u00e9ronique Bilcot R\u00e9flexologue Aveyron\" src=\"https:\/\/reflexologue-aveyron.com\/index.php\/2024\/06\/13\/larthrose-et-la-reflexologie\/embed\/#?secret=Ynu5XTpzBE#?secret=UelKxrCbyM\" data-secret=\"UelKxrCbyM\" width=\"600\" height=\"338\" frameborder=\"0\" marginwidth=\"0\" marginheight=\"0\" scrolling=\"no\"><\/iframe>\n<\/div><\/figure>\n\n\n\n<figure class=\"wp-block-embed is-type-wp-embed is-provider-v-ronique-bilcot-r-flexologue-aveyron wp-block-embed-v-ronique-bilcot-r-flexologue-aveyron\"><div class=\"wp-block-embed__wrapper\">\n<blockquote class=\"wp-embedded-content\" data-secret=\"TWeCqCv67Q\"><a href=\"https:\/\/reflexologue-aveyron.com\/index.php\/2024\/04\/02\/maux-de-dos-et-reflexologie\/\">Vous avez mal au dos\u00a0?  La r\u00e9flexologie peut vous soulager!<\/a><\/blockquote><iframe loading=\"lazy\" class=\"wp-embedded-content\" sandbox=\"allow-scripts\" security=\"restricted\" style=\"position: absolute; visibility: hidden;\" title=\"\u00ab\u00a0Vous avez mal au dos\u00a0?  La r\u00e9flexologie peut vous soulager!\u00a0\u00bb &#8212; V\u00e9ronique Bilcot R\u00e9flexologue Aveyron\" src=\"https:\/\/reflexologue-aveyron.com\/index.php\/2024\/04\/02\/maux-de-dos-et-reflexologie\/embed\/#?secret=JiwKibYbIn#?secret=TWeCqCv67Q\" data-secret=\"TWeCqCv67Q\" width=\"600\" height=\"338\" frameborder=\"0\" marginwidth=\"0\" marginheight=\"0\" scrolling=\"no\"><\/iframe>\n<\/div><\/figure>\n\n\n\n<figure class=\"wp-block-embed is-type-wp-embed is-provider-v-ronique-bilcot-r-flexologue-aveyron wp-block-embed-v-ronique-bilcot-r-flexologue-aveyron\"><div class=\"wp-block-embed__wrapper\">\n<blockquote class=\"wp-embedded-content\" data-secret=\"VYvNV68L88\"><a href=\"https:\/\/reflexologue-aveyron.com\/index.php\/2024\/02\/29\/pelerins-de-saint-jacques-de-compostelle\/\">P\u00e8lerins de Saint Jacques de Compostelle, randonneurs&#8230;<\/a><\/blockquote><iframe loading=\"lazy\" class=\"wp-embedded-content\" sandbox=\"allow-scripts\" security=\"restricted\" style=\"position: absolute; visibility: hidden;\" title=\"\u00ab\u00a0P\u00e8lerins de Saint Jacques de Compostelle, randonneurs&#8230;\u00a0\u00bb &#8212; V\u00e9ronique Bilcot R\u00e9flexologue Aveyron\" src=\"https:\/\/reflexologue-aveyron.com\/index.php\/2024\/02\/29\/pelerins-de-saint-jacques-de-compostelle\/embed\/#?secret=QklfSg6gKn#?secret=VYvNV68L88\" data-secret=\"VYvNV68L88\" width=\"600\" height=\"338\" frameborder=\"0\" marginwidth=\"0\" marginheight=\"0\" scrolling=\"no\"><\/iframe>\n<\/div><\/figure>\n\n\n\n<figure class=\"wp-block-embed is-type-wp-embed is-provider-v-ronique-bilcot-r-flexologue-aveyron wp-block-embed-v-ronique-bilcot-r-flexologue-aveyron\"><div class=\"wp-block-embed__wrapper\">\n<blockquote class=\"wp-embedded-content\" data-secret=\"OC051bTYn6\"><a href=\"https:\/\/reflexologue-aveyron.com\/index.php\/2024\/01\/17\/la-reflexologie-et-la-menopause\/\">La r\u00e9flexologie et la m\u00e9nopause<\/a><\/blockquote><iframe loading=\"lazy\" class=\"wp-embedded-content\" sandbox=\"allow-scripts\" security=\"restricted\" style=\"position: absolute; visibility: hidden;\" title=\"\u00ab\u00a0La r\u00e9flexologie et la m\u00e9nopause\u00a0\u00bb &#8212; V\u00e9ronique Bilcot R\u00e9flexologue Aveyron\" src=\"https:\/\/reflexologue-aveyron.com\/index.php\/2024\/01\/17\/la-reflexologie-et-la-menopause\/embed\/#?secret=Qf3Xat3Cnm#?secret=OC051bTYn6\" data-secret=\"OC051bTYn6\" width=\"600\" height=\"338\" frameborder=\"0\" marginwidth=\"0\" marginheight=\"0\" scrolling=\"no\"><\/iframe>\n<\/div><\/figure>\n\n\n\n<figure class=\"wp-block-embed is-type-wp-embed is-provider-v-ronique-bilcot-r-flexologue-aveyron wp-block-embed-v-ronique-bilcot-r-flexologue-aveyron\"><div class=\"wp-block-embed__wrapper\">\n<blockquote class=\"wp-embedded-content\" data-secret=\"kBiS4byTUE\"><a href=\"https:\/\/reflexologue-aveyron.com\/index.php\/2023\/11\/12\/la-reflexologie-une-solution-a-vos-insomnies\/\">La r\u00e9flexologie, une solution \u00e0 vos insomnies\u00a0!<\/a><\/blockquote><iframe loading=\"lazy\" class=\"wp-embedded-content\" sandbox=\"allow-scripts\" security=\"restricted\" style=\"position: absolute; visibility: hidden;\" title=\"\u00ab\u00a0La r\u00e9flexologie, une solution \u00e0 vos insomnies\u00a0!\u00a0\u00bb &#8212; V\u00e9ronique Bilcot R\u00e9flexologue Aveyron\" src=\"https:\/\/reflexologue-aveyron.com\/index.php\/2023\/11\/12\/la-reflexologie-une-solution-a-vos-insomnies\/embed\/#?secret=RfAnewfOIL#?secret=kBiS4byTUE\" data-secret=\"kBiS4byTUE\" width=\"600\" height=\"338\" frameborder=\"0\" marginwidth=\"0\" marginheight=\"0\" scrolling=\"no\"><\/iframe>\n<\/div><\/figure>\n\n\n\n<figure class=\"wp-block-embed is-type-wp-embed is-provider-v-ronique-bilcot-r-flexologue-aveyron wp-block-embed-v-ronique-bilcot-r-flexologue-aveyron\"><div class=\"wp-block-embed__wrapper\">\n<blockquote class=\"wp-embedded-content\" data-secret=\"UhcAipMF13\"><a href=\"https:\/\/reflexologue-aveyron.com\/index.php\/2023\/03\/21\/stress-recours-reflexologie\/\">Stress ? Ayez recours \u00e0 la r\u00e9flexologie<\/a><\/blockquote><iframe loading=\"lazy\" class=\"wp-embedded-content\" sandbox=\"allow-scripts\" security=\"restricted\" style=\"position: absolute; visibility: hidden;\" title=\"\u00ab\u00a0Stress ? Ayez recours \u00e0 la r\u00e9flexologie\u00a0\u00bb &#8212; V\u00e9ronique Bilcot R\u00e9flexologue Aveyron\" src=\"https:\/\/reflexologue-aveyron.com\/index.php\/2023\/03\/21\/stress-recours-reflexologie\/embed\/#?secret=zlf3BfUOYi#?secret=UhcAipMF13\" data-secret=\"UhcAipMF13\" width=\"600\" height=\"338\" frameborder=\"0\" marginwidth=\"0\" marginheight=\"0\" scrolling=\"no\"><\/iframe>\n<\/div><\/figure>\n","protected":false},"excerpt":{"rendered":"","protected":false},"author":1,"featured_media":0,"parent":0,"menu_order":0,"comment_status":"closed","ping_status":"closed","template":"","meta":{"neve_meta_sidebar":"","neve_meta_container":"","neve_meta_enable_content_width":"","neve_meta_content_width":0,"neve_meta_title_alignment":"","neve_meta_author_avatar":"","neve_post_elements_order":"","neve_meta_disable_header":"","neve_meta_disable_footer":"","neve_meta_disable_title":"","footnotes":""},"class_list":["post-19","page","type-page","status-publish","hentry"],"yoast_head":"<!-- This site is optimized with the Yoast SEO plugin v27.4 - https:\/\/yoast.com\/product\/yoast-seo-wordpress\/ -->\n<title>Blog - V\u00e9ronique Bilcot R\u00e9flexologue Aveyron<\/title>\n<meta name=\"description\" content=\"Voici des articles sur la r\u00e9flexologie, ses fonctions et ses bienfaits quelque soit son \u00e2ge, le sexe et les troubles.\" \/>\n<meta name=\"robots\" content=\"index, follow, max-snippet:-1, max-image-preview:large, max-video-preview:-1\" \/>\n<link rel=\"canonical\" href=\"https:\/\/reflexologue-aveyron.com\/index.php\/blog\/\" \/>\n<meta property=\"og:locale\" content=\"fr_FR\" \/>\n<meta property=\"og:type\" content=\"article\" \/>\n<meta property=\"og:title\" content=\"Blog - V\u00e9ronique Bilcot R\u00e9flexologue Aveyron\" \/>\n<meta property=\"og:description\" content=\"Voici des articles sur la r\u00e9flexologie, ses fonctions et ses bienfaits quelque soit son \u00e2ge, le sexe et les troubles.\" \/>\n<meta property=\"og:url\" content=\"https:\/\/reflexologue-aveyron.com\/index.php\/blog\/\" \/>\n<meta property=\"og:site_name\" content=\"V\u00e9ronique Bilcot R\u00e9flexologue Aveyron\" \/>\n<meta property=\"article:modified_time\" content=\"2024-10-27T17:44:17+00:00\" \/>\n<meta name=\"twitter:card\" content=\"summary_large_image\" \/>\n<meta name=\"twitter:label1\" content=\"Dur\u00e9e de lecture estim\u00e9e\" \/>\n\t<meta name=\"twitter:data1\" content=\"1 minute\" \/>\n<script type=\"application\/ld+json\" class=\"yoast-schema-graph\">{\"@context\":\"https:\\\/\\\/schema.org\",\"@graph\":[{\"@type\":\"WebPage\",\"@id\":\"https:\\\/\\\/reflexologue-aveyron.com\\\/index.php\\\/blog\\\/\",\"url\":\"https:\\\/\\\/reflexologue-aveyron.com\\\/index.php\\\/blog\\\/\",\"name\":\"Blog - V\u00e9ronique Bilcot R\u00e9flexologue Aveyron\",\"isPartOf\":{\"@id\":\"https:\\\/\\\/reflexologue-aveyron.com\\\/#website\"},\"datePublished\":\"2023-03-21T15:28:39+00:00\",\"dateModified\":\"2024-10-27T17:44:17+00:00\",\"description\":\"Voici des articles sur la r\u00e9flexologie, ses fonctions et ses bienfaits quelque soit son \u00e2ge, le sexe et les troubles.\",\"breadcrumb\":{\"@id\":\"https:\\\/\\\/reflexologue-aveyron.com\\\/index.php\\\/blog\\\/#breadcrumb\"},\"inLanguage\":\"fr-FR\",\"potentialAction\":[{\"@type\":\"ReadAction\",\"target\":[\"https:\\\/\\\/reflexologue-aveyron.com\\\/index.php\\\/blog\\\/\"]}]},{\"@type\":\"BreadcrumbList\",\"@id\":\"https:\\\/\\\/reflexologue-aveyron.com\\\/index.php\\\/blog\\\/#breadcrumb\",\"itemListElement\":[{\"@type\":\"ListItem\",\"position\":1,\"name\":\"Accueil\",\"item\":\"https:\\\/\\\/reflexologue-aveyron.com\\\/\"},{\"@type\":\"ListItem\",\"position\":2,\"name\":\"Blog\"}]},{\"@type\":\"WebSite\",\"@id\":\"https:\\\/\\\/reflexologue-aveyron.com\\\/#website\",\"url\":\"https:\\\/\\\/reflexologue-aveyron.com\\\/\",\"name\":\"V\u00e9ronique Bilcot R\u00e9flexologue Aveyron\",\"description\":\"R\u00e9flexologue en Aveyron\",\"publisher\":{\"@id\":\"https:\\\/\\\/reflexologue-aveyron.com\\\/#\\\/schema\\\/person\\\/00a1d404eab082f74ae6cf97055bffb3\"},\"potentialAction\":[{\"@type\":\"SearchAction\",\"target\":{\"@type\":\"EntryPoint\",\"urlTemplate\":\"https:\\\/\\\/reflexologue-aveyron.com\\\/?s={search_term_string}\"},\"query-input\":{\"@type\":\"PropertyValueSpecification\",\"valueRequired\":true,\"valueName\":\"search_term_string\"}}],\"inLanguage\":\"fr-FR\"},{\"@type\":[\"Person\",\"Organization\"],\"@id\":\"https:\\\/\\\/reflexologue-aveyron.com\\\/#\\\/schema\\\/person\\\/00a1d404eab082f74ae6cf97055bffb3\",\"name\":\"admin2423\",\"image\":{\"@type\":\"ImageObject\",\"inLanguage\":\"fr-FR\",\"@id\":\"https:\\\/\\\/secure.gravatar.com\\\/avatar\\\/75b2250abaa6d3eba857b3b715633dd61e9cebaab17dbc3f6611d35fcec239ca?s=96&d=mm&r=g\",\"url\":\"https:\\\/\\\/secure.gravatar.com\\\/avatar\\\/75b2250abaa6d3eba857b3b715633dd61e9cebaab17dbc3f6611d35fcec239ca?s=96&d=mm&r=g\",\"contentUrl\":\"https:\\\/\\\/secure.gravatar.com\\\/avatar\\\/75b2250abaa6d3eba857b3b715633dd61e9cebaab17dbc3f6611d35fcec239ca?s=96&d=mm&r=g\",\"caption\":\"admin2423\"},\"logo\":{\"@id\":\"https:\\\/\\\/secure.gravatar.com\\\/avatar\\\/75b2250abaa6d3eba857b3b715633dd61e9cebaab17dbc3f6611d35fcec239ca?s=96&d=mm&r=g\"},\"sameAs\":[\"http:\\\/\\\/reflexologue-aveyron.com\"]}]}<\/script>\n<!-- \/ Yoast SEO plugin. -->","yoast_head_json":{"title":"Blog - V\u00e9ronique Bilcot R\u00e9flexologue Aveyron","description":"Voici des articles sur la r\u00e9flexologie, ses fonctions et ses bienfaits quelque soit son \u00e2ge, le sexe et les troubles.","robots":{"index":"index","follow":"follow","max-snippet":"max-snippet:-1","max-image-preview":"max-image-preview:large","max-video-preview":"max-video-preview:-1"},"canonical":"https:\/\/reflexologue-aveyron.com\/index.php\/blog\/","og_locale":"fr_FR","og_type":"article","og_title":"Blog - V\u00e9ronique Bilcot R\u00e9flexologue Aveyron","og_description":"Voici des articles sur la r\u00e9flexologie, ses fonctions et ses bienfaits quelque soit son \u00e2ge, le sexe et les troubles.","og_url":"https:\/\/reflexologue-aveyron.com\/index.php\/blog\/","og_site_name":"V\u00e9ronique Bilcot R\u00e9flexologue Aveyron","article_modified_time":"2024-10-27T17:44:17+00:00","twitter_card":"summary_large_image","twitter_misc":{"Dur\u00e9e de lecture estim\u00e9e":"1 minute"},"schema":{"@context":"https:\/\/schema.org","@graph":[{"@type":"WebPage","@id":"https:\/\/reflexologue-aveyron.com\/index.php\/blog\/","url":"https:\/\/reflexologue-aveyron.com\/index.php\/blog\/","name":"Blog - V\u00e9ronique Bilcot R\u00e9flexologue Aveyron","isPartOf":{"@id":"https:\/\/reflexologue-aveyron.com\/#website"},"datePublished":"2023-03-21T15:28:39+00:00","dateModified":"2024-10-27T17:44:17+00:00","description":"Voici des articles sur la r\u00e9flexologie, ses fonctions et ses bienfaits quelque soit son \u00e2ge, le sexe et les troubles.","breadcrumb":{"@id":"https:\/\/reflexologue-aveyron.com\/index.php\/blog\/#breadcrumb"},"inLanguage":"fr-FR","potentialAction":[{"@type":"ReadAction","target":["https:\/\/reflexologue-aveyron.com\/index.php\/blog\/"]}]},{"@type":"BreadcrumbList","@id":"https:\/\/reflexologue-aveyron.com\/index.php\/blog\/#breadcrumb","itemListElement":[{"@type":"ListItem","position":1,"name":"Accueil","item":"https:\/\/reflexologue-aveyron.com\/"},{"@type":"ListItem","position":2,"name":"Blog"}]},{"@type":"WebSite","@id":"https:\/\/reflexologue-aveyron.com\/#website","url":"https:\/\/reflexologue-aveyron.com\/","name":"V\u00e9ronique Bilcot R\u00e9flexologue Aveyron","description":"R\u00e9flexologue en Aveyron","publisher":{"@id":"https:\/\/reflexologue-aveyron.com\/#\/schema\/person\/00a1d404eab082f74ae6cf97055bffb3"},"potentialAction":[{"@type":"SearchAction","target":{"@type":"EntryPoint","urlTemplate":"https:\/\/reflexologue-aveyron.com\/?s={search_term_string}"},"query-input":{"@type":"PropertyValueSpecification","valueRequired":true,"valueName":"search_term_string"}}],"inLanguage":"fr-FR"},{"@type":["Person","Organization"],"@id":"https:\/\/reflexologue-aveyron.com\/#\/schema\/person\/00a1d404eab082f74ae6cf97055bffb3","name":"admin2423","image":{"@type":"ImageObject","inLanguage":"fr-FR","@id":"https:\/\/secure.gravatar.com\/avatar\/75b2250abaa6d3eba857b3b715633dd61e9cebaab17dbc3f6611d35fcec239ca?s=96&d=mm&r=g","url":"https:\/\/secure.gravatar.com\/avatar\/75b2250abaa6d3eba857b3b715633dd61e9cebaab17dbc3f6611d35fcec239ca?s=96&d=mm&r=g","contentUrl":"https:\/\/secure.gravatar.com\/avatar\/75b2250abaa6d3eba857b3b715633dd61e9cebaab17dbc3f6611d35fcec239ca?s=96&d=mm&r=g","caption":"admin2423"},"logo":{"@id":"https:\/\/secure.gravatar.com\/avatar\/75b2250abaa6d3eba857b3b715633dd61e9cebaab17dbc3f6611d35fcec239ca?s=96&d=mm&r=g"},"sameAs":["http:\/\/reflexologue-aveyron.com"]}]}},"jetpack_sharing_enabled":true,"_links":{"self":[{"href":"https:\/\/reflexologue-aveyron.com\/index.php\/wp-json\/wp\/v2\/pages\/19","targetHints":{"allow":["GET"]}}],"collection":[{"href":"https:\/\/reflexologue-aveyron.com\/index.php\/wp-json\/wp\/v2\/pages"}],"about":[{"href":"https:\/\/reflexologue-aveyron.com\/index.php\/wp-json\/wp\/v2\/types\/page"}],"author":[{"embeddable":true,"href":"https:\/\/reflexologue-aveyron.com\/index.php\/wp-json\/wp\/v2\/users\/1"}],"replies":[{"embeddable":true,"href":"https:\/\/reflexologue-aveyron.com\/index.php\/wp-json\/wp\/v2\/comments?post=19"}],"version-history":[{"count":7,"href":"https:\/\/reflexologue-aveyron.com\/index.php\/wp-json\/wp\/v2\/pages\/19\/revisions"}],"predecessor-version":[{"id":505,"href":"https:\/\/reflexologue-aveyron.com\/index.php\/wp-json\/wp\/v2\/pages\/19\/revisions\/505"}],"wp:attachment":[{"href":"https:\/\/reflexologue-aveyron.com\/index.php\/wp-json\/wp\/v2\/media?parent=19"}],"curies":[{"name":"wp","href":"https:\/\/api.w.org\/{rel}","templated":true}]}}