{"id":358,"date":"2024-03-01T18:40:28","date_gmt":"2024-03-01T17:40:28","guid":{"rendered":"https:\/\/reflexologue-aveyron.com\/?page_id=358"},"modified":"2024-03-07T10:10:10","modified_gmt":"2024-03-07T09:10:10","slug":"reflexologie-au-travail","status":"publish","type":"page","link":"https:\/\/reflexologue-aveyron.com\/index.php\/reflexologie-au-travail\/","title":{"rendered":"R\u00e9flexologie au travail"},"content":{"rendered":"\n<h2 class=\"wp-block-heading has-medium-font-size\"><strong>Et si vous offriez <strong>\u00e0 vos salari\u00e9s et collaborateurs <\/strong>, avec la r\u00e9flexologie, du bien-\u00eatre au travail ?<\/strong><\/h2>\n\n\n<div class=\"wp-block-image is-style-rounded\">\n<figure class=\"alignright size-medium is-resized\"><img loading=\"lazy\" decoding=\"async\" width=\"300\" height=\"300\" src=\"https:\/\/reflexologue-aveyron.com\/wp-content\/uploads\/2024\/03\/Stress-au-travail-300x300.jpg\" alt=\"Bien-\u00eatre au travail\" class=\"wp-image-389\" style=\"width:426px;height:auto\" srcset=\"https:\/\/reflexologue-aveyron.com\/wp-content\/uploads\/2024\/03\/Stress-au-travail-300x300.jpg 300w, https:\/\/reflexologue-aveyron.com\/wp-content\/uploads\/2024\/03\/Stress-au-travail-1024x1024.jpg 1024w, https:\/\/reflexologue-aveyron.com\/wp-content\/uploads\/2024\/03\/Stress-au-travail-150x150.jpg 150w, https:\/\/reflexologue-aveyron.com\/wp-content\/uploads\/2024\/03\/Stress-au-travail-768x768.jpg 768w, https:\/\/reflexologue-aveyron.com\/wp-content\/uploads\/2024\/03\/Stress-au-travail.jpg 1280w\" sizes=\"auto, (max-width: 300px) 100vw, 300px\" \/><\/figure>\n<\/div>\n\n\n<p>Le saviez-vous, les deux principales causes des arr\u00eats maladie sont :<\/p>\n\n\n\n<ul class=\"wp-block-list\">\n<li>L<em>e stress, l\u2019anxi\u00e9t\u00e9 et la d\u00e9pression<\/em> (Agence Europ\u00e9enne pour la S\u00e9curit\u00e9 et la Sant\u00e9 au Travail 2023)<\/li>\n\n\n\n<li><em>Les troubles musculo-squelettiques (TMS)<\/em> (Ameli.fr pour les Entreprises, d\u00e9c 2020)<\/li>\n<\/ul>\n\n\n\n<p>Le<strong><em> stress, l\u2019anxi\u00e9t\u00e9 et la d\u00e9pression <\/em><\/strong>constituent le deuxi\u00e8me&nbsp;probl\u00e8me de sant\u00e9 li\u00e9 au travail le plus fr\u00e9quent qui touche les travailleurs. &nbsp;Le stress, caus\u00e9 par la charge de travail, le rythme, les responsabilit\u00e9s, les relations humaines mais aussi les postures r\u00e9currentes, peut-\u00eatre un frein au bon fonctionnement de votre organisme. <\/p>\n\n\n\n<p>Les <strong><em>troubles musculo-squelettique<\/em><\/strong> (TMS) comme le mal de dos, de l\u2019\u00e9paule ou du poignet, ont un <strong>impact significatif sur la performance de l\u2019entreprise<\/strong>.<\/p>\n\n\n\n<h2 class=\"wp-block-heading has-medium-font-size\"><strong>La r\u00e9flexologie, un atout pour votre entreprise<\/strong> ou organisation<\/h2>\n\n\n\n<p>Le <strong>bien-\u00eatre global au travail<\/strong> (physique, mental et social) est un d\u00e9terminant de la qualit\u00e9 durable de la performance dans l\u2019entreprise et une r\u00e9ponse aux risques psychosociaux. <\/p>\n\n\n\n<p>Discipline de sant\u00e9 naturelle et douce,<strong> <\/strong>la <a href=\"http:\/\/la reflexologie\">r\u00e9flexologie plantaire<\/a> <strong><em>aide \u00e0 am\u00e9liorer la qualit\u00e9 de vie et l\u2019\u00e9tat de sant\u00e9 global<\/em><\/strong>. Elle est un outil du programme <em><a href=\"https:\/\/www.anact.fr\/semaine-pour-la-qualite-de-vie-au-travail\">Qualit\u00e9 de Vie au Travail et Conditions de travail (Q.V.T.C)<\/a><\/em><\/p>\n\n\n\n<hr class=\"wp-block-separator has-alpha-channel-opacity\"\/>\n\n\n\n<h3 class=\"wp-block-heading has-medium-font-size\"><strong>Les <a href=\"https:\/\/reflexologue-aveyron.com\/index.php\/bienfaits-reflexologie\/\">bienfaits de la r\u00e9flexologie<\/a> pour vos salari\u00e9s et collaborateurs<\/strong><\/h3>\n\n\n<div class=\"wp-block-image is-style-default\">\n<figure class=\"aligncenter size-medium is-resized\"><img loading=\"lazy\" decoding=\"async\" width=\"300\" height=\"200\" src=\"https:\/\/reflexologue-aveyron.com\/wp-content\/uploads\/2023\/03\/Joie_liberation-300x200.jpeg\" alt=\"\" class=\"wp-image-44\" style=\"width:452px;height:auto\" srcset=\"https:\/\/reflexologue-aveyron.com\/wp-content\/uploads\/2023\/03\/Joie_liberation-300x200.jpeg 300w, https:\/\/reflexologue-aveyron.com\/wp-content\/uploads\/2023\/03\/Joie_liberation-768x512.jpeg 768w, https:\/\/reflexologue-aveyron.com\/wp-content\/uploads\/2023\/03\/Joie_liberation-930x620.jpeg 930w, https:\/\/reflexologue-aveyron.com\/wp-content\/uploads\/2023\/03\/Joie_liberation.jpeg 1024w\" sizes=\"auto, (max-width: 300px) 100vw, 300px\" \/><\/figure>\n<\/div>\n\n\n<p>En tant que professionnelle de la pr\u00e9vention, de la sant\u00e9 et du bien-\u00eatre, les s\u00e9ances propos\u00e9es ont pour but la pr\u00e9vention du stress et l\u2019am\u00e9lioration de la qualit\u00e9 de vie des travailleurs. Elles visent \u00e0 : <\/p>\n\n\n\n<ul class=\"wp-block-list\">\n<li>Att\u00e9nuer le stress et le surmenage en apportant une relaxation profonde<\/li>\n\n\n\n<li>L\u00e2cher prise, prendre du recul face aux conflits pour mieux agir et r\u00e9agir<\/li>\n\n\n\n<li>Redynamiser et r\u00e9\u00e9quilibrer l\u2019organisme (hom\u00e9ostasie) afin de lutter contre la fatigue<\/li>\n\n\n\n<li>Soulager les douleurs et diminuer les troubles fonctionnels (troubles musculo-squelettiques, troubles digestifs, troubles du sommeil, manque de concentration, fatigabilit\u00e9\u2026) qui rendent les travailleurs moins performants.&nbsp;<\/li>\n\n\n\n<li>Et contribuer \u00e0 l\u2019harmonisation physique, psychique et \u00e9motionnelle.<\/li>\n<\/ul>\n\n\n<div class=\"wp-block-image is-style-rounded\">\n<figure class=\"alignright size-medium is-resized\"><img loading=\"lazy\" decoding=\"async\" width=\"300\" height=\"293\" src=\"https:\/\/reflexologue-aveyron.com\/wp-content\/uploads\/2024\/03\/Performance-entreprise-300x293.jpg\" alt=\"Performance de l'entreprise\" class=\"wp-image-396\" style=\"width:300px;height:auto\" srcset=\"https:\/\/reflexologue-aveyron.com\/wp-content\/uploads\/2024\/03\/Performance-entreprise-300x293.jpg 300w, https:\/\/reflexologue-aveyron.com\/wp-content\/uploads\/2024\/03\/Performance-entreprise-1024x1000.jpg 1024w, https:\/\/reflexologue-aveyron.com\/wp-content\/uploads\/2024\/03\/Performance-entreprise-768x750.jpg 768w, https:\/\/reflexologue-aveyron.com\/wp-content\/uploads\/2024\/03\/Performance-entreprise.jpg 1280w\" sizes=\"auto, (max-width: 300px) 100vw, 300px\" \/><\/figure>\n<\/div>\n\n\n<h3 class=\"wp-block-heading has-medium-font-size\">Et pour votre entreprise ou organisation<\/h3>\n\n\n\n<ul class=\"wp-block-list\">\n<li>Renforcer l\u2019image d\u2019une entreprise prenant soin de son personnel<\/li>\n\n\n\n<li>Diminuer l\u2019absent\u00e9isme,<\/li>\n\n\n\n<li>Am\u00e9liorer la productivit\u00e9 et la qualit\u00e9 du travail<\/li>\n\n\n\n<li>Am\u00e9liorer l\u2019ambiance de travail et les relations sociales \u2026<\/li>\n<\/ul>\n\n\n\n<hr class=\"wp-block-separator has-alpha-channel-opacity\"\/>\n\n\n\n<h2 class=\"wp-block-heading\"><strong>Mon offre<\/strong><\/h2>\n\n\n\n<p class=\"has-medium-font-size\"><strong>Tarifs&nbsp;des s\u00e9ances <\/strong><\/p>\n\n\n\n<p class=\"has-medium-font-size\">Dur\u00e9e d&rsquo;une s\u00e9ance : 30 mn par personne <\/p>\n\n\n\n<ul class=\"wp-block-list\">\n<li>3 personnes (dur\u00e9e 1h30) : 100\u20ac TTC<\/li>\n\n\n\n<li>6 personnes (dur\u00e9e 3h)&nbsp;&nbsp;&nbsp;&nbsp; : 180\u20ac TTC<\/li>\n\n\n\n<li>12 personnes (dur\u00e9e 6h)&nbsp;&nbsp; : 300\u20ac TTC<\/li>\n<\/ul>\n\n\n\n<h3 class=\"wp-block-heading has-medium-font-size\" style=\"text-transform:capitalize\">Des modalit\u00e9s d&rsquo;intervention simples<\/h3>\n\n\n\n<p> Les s\u00e9ances de r\u00e9flexologie s\u2019int\u00e8greront rapidement dans l\u2019organisation de votre entreprise. Les prestations se r\u00e9alisent dans vos locaux.<\/p>\n\n\n\n<ul class=\"wp-block-list\">\n<li>Un petit espace au calme me suffit <\/li>\n\n\n\n<li>L\u2019ensemble du mat\u00e9riel n\u00e9cessaire est fourni<\/li>\n\n\n\n<li>La s\u00e9ance est personnalisable en fonction des besoins de chaque salari\u00e9 : gestion des tensions physiques, du stress, recherche de relaxation ou de vitalit\u00e9.<\/li>\n<\/ul>\n\n\n\n<h2 class=\"wp-block-heading\"><a href=\"https:\/\/reflexologue-aveyron.com\/index.php\/prendre-rendez-vous\/\">Me contacter<\/a><\/h2>\n\n\n\n<p>N\u2019h\u00e9sitez pas \u00e0 me contacter pour \u00e9changer et vous proposer mon intervention adapt\u00e9e \u00e0 vos besoins.<\/p>\n\n\n\n<div class=\"wp-block-buttons is-content-justification-center is-layout-flex wp-container-core-buttons-is-layout-16018d1d wp-block-buttons-is-layout-flex\">\n<div class=\"wp-block-button has-custom-width wp-block-button__width-25 has-custom-font-size is-style-default has-medium-font-size\"><a class=\"wp-block-button__link has-nv-site-bg-color has-neve-text-color-background-color has-text-color has-background has-link-color wp-element-button\" href=\"https:\/\/reflexologue-aveyron.com\/index.php\/reflexologue-aveyron\/\" target=\"_blank\" rel=\"noreferrer noopener\">Votre r\u00e9flexologue<\/a><\/div>\n<\/div>\n\n\n\n<hr class=\"wp-block-separator has-alpha-channel-opacity\"\/>\n","protected":false},"excerpt":{"rendered":"<p>Et si vous offriez \u00e0 vos salari\u00e9s et collaborateurs , avec la r\u00e9flexologie, du bien-\u00eatre au travail ? Le saviez-vous, les deux principales causes des arr\u00eats maladie sont : Le stress, l\u2019anxi\u00e9t\u00e9 et la d\u00e9pression constituent le deuxi\u00e8me&nbsp;probl\u00e8me de sant\u00e9 li\u00e9 au travail le plus fr\u00e9quent qui touche les travailleurs. &nbsp;Le stress, caus\u00e9 par la&hellip;&nbsp;<a href=\"https:\/\/reflexologue-aveyron.com\/index.php\/reflexologie-au-travail\/\" rel=\"bookmark\">Lire la suite &raquo;<span class=\"screen-reader-text\">R\u00e9flexologie au travail<\/span><\/a><\/p>\n","protected":false},"author":1,"featured_media":0,"parent":0,"menu_order":0,"comment_status":"closed","ping_status":"closed","template":"","meta":{"neve_meta_sidebar":"","neve_meta_container":"","neve_meta_enable_content_width":"","neve_meta_content_width":0,"neve_meta_title_alignment":"","neve_meta_author_avatar":"","neve_post_elements_order":"","neve_meta_disable_header":"","neve_meta_disable_footer":"","neve_meta_disable_title":"","footnotes":""},"class_list":["post-358","page","type-page","status-publish","hentry"],"yoast_head":"<!-- This site is optimized with the Yoast SEO plugin v27.4 - https:\/\/yoast.com\/product\/yoast-seo-wordpress\/ -->\n<title>R\u00e9flexologie au travail - V\u00e9ronique Bilcot R\u00e9flexologue Aveyron<\/title>\n<meta name=\"description\" content=\"Bien-\u00eatre au travail : la r\u00e9flexologie, un atout pour vos salari\u00e9s et collaborateurs et votre entreprise ou organisation!\" \/>\n<meta name=\"robots\" content=\"index, follow, max-snippet:-1, max-image-preview:large, max-video-preview:-1\" \/>\n<link rel=\"canonical\" href=\"https:\/\/reflexologue-aveyron.com\/index.php\/reflexologie-au-travail\/\" \/>\n<meta property=\"og:locale\" content=\"fr_FR\" \/>\n<meta property=\"og:type\" content=\"article\" \/>\n<meta property=\"og:title\" content=\"R\u00e9flexologie au travail - V\u00e9ronique Bilcot R\u00e9flexologue Aveyron\" \/>\n<meta property=\"og:description\" content=\"Bien-\u00eatre au travail : la r\u00e9flexologie, un atout pour vos salari\u00e9s et collaborateurs et votre entreprise ou organisation!\" \/>\n<meta property=\"og:url\" content=\"https:\/\/reflexologue-aveyron.com\/index.php\/reflexologie-au-travail\/\" \/>\n<meta property=\"og:site_name\" content=\"V\u00e9ronique Bilcot R\u00e9flexologue Aveyron\" \/>\n<meta property=\"article:modified_time\" content=\"2024-03-07T09:10:10+00:00\" \/>\n<meta property=\"og:image\" content=\"https:\/\/reflexologue-aveyron.com\/wp-content\/uploads\/2024\/03\/Stress-au-travail-300x300.jpg\" \/>\n<meta name=\"twitter:card\" content=\"summary_large_image\" \/>\n<meta name=\"twitter:label1\" content=\"Dur\u00e9e de lecture estim\u00e9e\" \/>\n\t<meta name=\"twitter:data1\" content=\"3 minutes\" \/>\n<script type=\"application\/ld+json\" class=\"yoast-schema-graph\">{\"@context\":\"https:\\\/\\\/schema.org\",\"@graph\":[{\"@type\":\"WebPage\",\"@id\":\"https:\\\/\\\/reflexologue-aveyron.com\\\/index.php\\\/reflexologie-au-travail\\\/\",\"url\":\"https:\\\/\\\/reflexologue-aveyron.com\\\/index.php\\\/reflexologie-au-travail\\\/\",\"name\":\"R\u00e9flexologie au travail - V\u00e9ronique Bilcot R\u00e9flexologue Aveyron\",\"isPartOf\":{\"@id\":\"https:\\\/\\\/reflexologue-aveyron.com\\\/#website\"},\"primaryImageOfPage\":{\"@id\":\"https:\\\/\\\/reflexologue-aveyron.com\\\/index.php\\\/reflexologie-au-travail\\\/#primaryimage\"},\"image\":{\"@id\":\"https:\\\/\\\/reflexologue-aveyron.com\\\/index.php\\\/reflexologie-au-travail\\\/#primaryimage\"},\"thumbnailUrl\":\"https:\\\/\\\/reflexologue-aveyron.com\\\/wp-content\\\/uploads\\\/2024\\\/03\\\/Stress-au-travail-300x300.jpg\",\"datePublished\":\"2024-03-01T17:40:28+00:00\",\"dateModified\":\"2024-03-07T09:10:10+00:00\",\"description\":\"Bien-\u00eatre au travail : la r\u00e9flexologie, un atout pour vos salari\u00e9s et collaborateurs et votre entreprise ou organisation!\",\"breadcrumb\":{\"@id\":\"https:\\\/\\\/reflexologue-aveyron.com\\\/index.php\\\/reflexologie-au-travail\\\/#breadcrumb\"},\"inLanguage\":\"fr-FR\",\"potentialAction\":[{\"@type\":\"ReadAction\",\"target\":[\"https:\\\/\\\/reflexologue-aveyron.com\\\/index.php\\\/reflexologie-au-travail\\\/\"]}]},{\"@type\":\"ImageObject\",\"inLanguage\":\"fr-FR\",\"@id\":\"https:\\\/\\\/reflexologue-aveyron.com\\\/index.php\\\/reflexologie-au-travail\\\/#primaryimage\",\"url\":\"https:\\\/\\\/reflexologue-aveyron.com\\\/wp-content\\\/uploads\\\/2024\\\/03\\\/Stress-au-travail.jpg\",\"contentUrl\":\"https:\\\/\\\/reflexologue-aveyron.com\\\/wp-content\\\/uploads\\\/2024\\\/03\\\/Stress-au-travail.jpg\",\"width\":1280,\"height\":1280},{\"@type\":\"BreadcrumbList\",\"@id\":\"https:\\\/\\\/reflexologue-aveyron.com\\\/index.php\\\/reflexologie-au-travail\\\/#breadcrumb\",\"itemListElement\":[{\"@type\":\"ListItem\",\"position\":1,\"name\":\"Accueil\",\"item\":\"https:\\\/\\\/reflexologue-aveyron.com\\\/\"},{\"@type\":\"ListItem\",\"position\":2,\"name\":\"R\u00e9flexologie au travail\"}]},{\"@type\":\"WebSite\",\"@id\":\"https:\\\/\\\/reflexologue-aveyron.com\\\/#website\",\"url\":\"https:\\\/\\\/reflexologue-aveyron.com\\\/\",\"name\":\"V\u00e9ronique Bilcot R\u00e9flexologue Aveyron\",\"description\":\"R\u00e9flexologue en Aveyron\",\"publisher\":{\"@id\":\"https:\\\/\\\/reflexologue-aveyron.com\\\/#\\\/schema\\\/person\\\/00a1d404eab082f74ae6cf97055bffb3\"},\"potentialAction\":[{\"@type\":\"SearchAction\",\"target\":{\"@type\":\"EntryPoint\",\"urlTemplate\":\"https:\\\/\\\/reflexologue-aveyron.com\\\/?s={search_term_string}\"},\"query-input\":{\"@type\":\"PropertyValueSpecification\",\"valueRequired\":true,\"valueName\":\"search_term_string\"}}],\"inLanguage\":\"fr-FR\"},{\"@type\":[\"Person\",\"Organization\"],\"@id\":\"https:\\\/\\\/reflexologue-aveyron.com\\\/#\\\/schema\\\/person\\\/00a1d404eab082f74ae6cf97055bffb3\",\"name\":\"admin2423\",\"image\":{\"@type\":\"ImageObject\",\"inLanguage\":\"fr-FR\",\"@id\":\"https:\\\/\\\/secure.gravatar.com\\\/avatar\\\/75b2250abaa6d3eba857b3b715633dd61e9cebaab17dbc3f6611d35fcec239ca?s=96&d=mm&r=g\",\"url\":\"https:\\\/\\\/secure.gravatar.com\\\/avatar\\\/75b2250abaa6d3eba857b3b715633dd61e9cebaab17dbc3f6611d35fcec239ca?s=96&d=mm&r=g\",\"contentUrl\":\"https:\\\/\\\/secure.gravatar.com\\\/avatar\\\/75b2250abaa6d3eba857b3b715633dd61e9cebaab17dbc3f6611d35fcec239ca?s=96&d=mm&r=g\",\"caption\":\"admin2423\"},\"logo\":{\"@id\":\"https:\\\/\\\/secure.gravatar.com\\\/avatar\\\/75b2250abaa6d3eba857b3b715633dd61e9cebaab17dbc3f6611d35fcec239ca?s=96&d=mm&r=g\"},\"sameAs\":[\"http:\\\/\\\/reflexologue-aveyron.com\"]}]}<\/script>\n<!-- \/ Yoast SEO plugin. -->","yoast_head_json":{"title":"R\u00e9flexologie au travail - V\u00e9ronique Bilcot R\u00e9flexologue Aveyron","description":"Bien-\u00eatre au travail : la r\u00e9flexologie, un atout pour vos salari\u00e9s et collaborateurs et votre entreprise ou organisation!","robots":{"index":"index","follow":"follow","max-snippet":"max-snippet:-1","max-image-preview":"max-image-preview:large","max-video-preview":"max-video-preview:-1"},"canonical":"https:\/\/reflexologue-aveyron.com\/index.php\/reflexologie-au-travail\/","og_locale":"fr_FR","og_type":"article","og_title":"R\u00e9flexologie au travail - V\u00e9ronique Bilcot R\u00e9flexologue Aveyron","og_description":"Bien-\u00eatre au travail : la r\u00e9flexologie, un atout pour vos salari\u00e9s et collaborateurs et votre entreprise ou organisation!","og_url":"https:\/\/reflexologue-aveyron.com\/index.php\/reflexologie-au-travail\/","og_site_name":"V\u00e9ronique Bilcot R\u00e9flexologue Aveyron","article_modified_time":"2024-03-07T09:10:10+00:00","og_image":[{"url":"https:\/\/reflexologue-aveyron.com\/wp-content\/uploads\/2024\/03\/Stress-au-travail-300x300.jpg","type":"","width":"","height":""}],"twitter_card":"summary_large_image","twitter_misc":{"Dur\u00e9e de lecture estim\u00e9e":"3 minutes"},"schema":{"@context":"https:\/\/schema.org","@graph":[{"@type":"WebPage","@id":"https:\/\/reflexologue-aveyron.com\/index.php\/reflexologie-au-travail\/","url":"https:\/\/reflexologue-aveyron.com\/index.php\/reflexologie-au-travail\/","name":"R\u00e9flexologie au travail - V\u00e9ronique Bilcot R\u00e9flexologue Aveyron","isPartOf":{"@id":"https:\/\/reflexologue-aveyron.com\/#website"},"primaryImageOfPage":{"@id":"https:\/\/reflexologue-aveyron.com\/index.php\/reflexologie-au-travail\/#primaryimage"},"image":{"@id":"https:\/\/reflexologue-aveyron.com\/index.php\/reflexologie-au-travail\/#primaryimage"},"thumbnailUrl":"https:\/\/reflexologue-aveyron.com\/wp-content\/uploads\/2024\/03\/Stress-au-travail-300x300.jpg","datePublished":"2024-03-01T17:40:28+00:00","dateModified":"2024-03-07T09:10:10+00:00","description":"Bien-\u00eatre au travail : la r\u00e9flexologie, un atout pour vos salari\u00e9s et collaborateurs et votre entreprise ou organisation!","breadcrumb":{"@id":"https:\/\/reflexologue-aveyron.com\/index.php\/reflexologie-au-travail\/#breadcrumb"},"inLanguage":"fr-FR","potentialAction":[{"@type":"ReadAction","target":["https:\/\/reflexologue-aveyron.com\/index.php\/reflexologie-au-travail\/"]}]},{"@type":"ImageObject","inLanguage":"fr-FR","@id":"https:\/\/reflexologue-aveyron.com\/index.php\/reflexologie-au-travail\/#primaryimage","url":"https:\/\/reflexologue-aveyron.com\/wp-content\/uploads\/2024\/03\/Stress-au-travail.jpg","contentUrl":"https:\/\/reflexologue-aveyron.com\/wp-content\/uploads\/2024\/03\/Stress-au-travail.jpg","width":1280,"height":1280},{"@type":"BreadcrumbList","@id":"https:\/\/reflexologue-aveyron.com\/index.php\/reflexologie-au-travail\/#breadcrumb","itemListElement":[{"@type":"ListItem","position":1,"name":"Accueil","item":"https:\/\/reflexologue-aveyron.com\/"},{"@type":"ListItem","position":2,"name":"R\u00e9flexologie au travail"}]},{"@type":"WebSite","@id":"https:\/\/reflexologue-aveyron.com\/#website","url":"https:\/\/reflexologue-aveyron.com\/","name":"V\u00e9ronique Bilcot R\u00e9flexologue Aveyron","description":"R\u00e9flexologue en Aveyron","publisher":{"@id":"https:\/\/reflexologue-aveyron.com\/#\/schema\/person\/00a1d404eab082f74ae6cf97055bffb3"},"potentialAction":[{"@type":"SearchAction","target":{"@type":"EntryPoint","urlTemplate":"https:\/\/reflexologue-aveyron.com\/?s={search_term_string}"},"query-input":{"@type":"PropertyValueSpecification","valueRequired":true,"valueName":"search_term_string"}}],"inLanguage":"fr-FR"},{"@type":["Person","Organization"],"@id":"https:\/\/reflexologue-aveyron.com\/#\/schema\/person\/00a1d404eab082f74ae6cf97055bffb3","name":"admin2423","image":{"@type":"ImageObject","inLanguage":"fr-FR","@id":"https:\/\/secure.gravatar.com\/avatar\/75b2250abaa6d3eba857b3b715633dd61e9cebaab17dbc3f6611d35fcec239ca?s=96&d=mm&r=g","url":"https:\/\/secure.gravatar.com\/avatar\/75b2250abaa6d3eba857b3b715633dd61e9cebaab17dbc3f6611d35fcec239ca?s=96&d=mm&r=g","contentUrl":"https:\/\/secure.gravatar.com\/avatar\/75b2250abaa6d3eba857b3b715633dd61e9cebaab17dbc3f6611d35fcec239ca?s=96&d=mm&r=g","caption":"admin2423"},"logo":{"@id":"https:\/\/secure.gravatar.com\/avatar\/75b2250abaa6d3eba857b3b715633dd61e9cebaab17dbc3f6611d35fcec239ca?s=96&d=mm&r=g"},"sameAs":["http:\/\/reflexologue-aveyron.com"]}]}},"jetpack_sharing_enabled":true,"_links":{"self":[{"href":"https:\/\/reflexologue-aveyron.com\/index.php\/wp-json\/wp\/v2\/pages\/358","targetHints":{"allow":["GET"]}}],"collection":[{"href":"https:\/\/reflexologue-aveyron.com\/index.php\/wp-json\/wp\/v2\/pages"}],"about":[{"href":"https:\/\/reflexologue-aveyron.com\/index.php\/wp-json\/wp\/v2\/types\/page"}],"author":[{"embeddable":true,"href":"https:\/\/reflexologue-aveyron.com\/index.php\/wp-json\/wp\/v2\/users\/1"}],"replies":[{"embeddable":true,"href":"https:\/\/reflexologue-aveyron.com\/index.php\/wp-json\/wp\/v2\/comments?post=358"}],"version-history":[{"count":15,"href":"https:\/\/reflexologue-aveyron.com\/index.php\/wp-json\/wp\/v2\/pages\/358\/revisions"}],"predecessor-version":[{"id":411,"href":"https:\/\/reflexologue-aveyron.com\/index.php\/wp-json\/wp\/v2\/pages\/358\/revisions\/411"}],"wp:attachment":[{"href":"https:\/\/reflexologue-aveyron.com\/index.php\/wp-json\/wp\/v2\/media?parent=358"}],"curies":[{"name":"wp","href":"https:\/\/api.w.org\/{rel}","templated":true}]}}